{"id":14413,"date":"2026-04-07T21:59:00","date_gmt":"2026-04-07T19:59:00","guid":{"rendered":"https:\/\/www.a2punts.com\/?post_type=product&#038;p=14413"},"modified":"2026-04-16T20:31:32","modified_gmt":"2026-04-16T18:31:32","slug":"samarreta-rosa-sant-jordi-drac","status":"publish","type":"product","link":"http:\/\/www.a2punts.com\/es\/producto\/samarreta-rosa-sant-jordi-drac\/","title":{"rendered":"Samarreta rosa de Sant Jordi amb drac amagat"},"content":{"rendered":"<p>Samarreta de m\u00e0niga curta de cot\u00f3 100%.<\/p>\n<p>Tallatge: Gener\u00f3s<\/p>\n<p>Les mides de les peces segons la talla (ample X llarg):<\/p>\n<p>INFANTIL<\/p>\n<p>1-2 anys ( 30 x 37)<\/p>\n<p>3-4 anys (32 x 44 )<\/p>\n<p>5-6 anys ( 35 x 49 )<\/p>\n<p>7-8 anys\u00a0 \u00a0( 38 x 52 )<\/p>\n<p>9-11 anys\u00a0 \u00a0 ( 41 x 58 )<\/p>\n<p>12-14 anys\u00a0 \u00a0 ( 43x 61 )<\/p>\n<p>&nbsp;<\/p>\n<p>ADULT UNISEX :<\/p>\n<p>S\u00a0 ( 51 x 70 )<\/p>\n<p>M ( 53 x 72 )<\/p>\n<p>L\u00a0 \u00a0( 56 x 74 )<\/p>\n<p>XL\u00a0 ( 58 x 76 )<\/p>\n<p>2XL\u00a0 ( 61 x78 )<\/p>\n<p>consultar disponibilitat color per talles m\u00e9s grans<\/p>\n<h6>*aquest producte \u00e9s de proximitat per\u00f2 no est\u00e0 elaborat 100% al taller A2punts<\/h6>","protected":false},"excerpt":{"rendered":"<p><strong>NO ARRIBAR\u00c0<\/strong> per SANT JORDI<\/p>\n<p>Samarreta per luir el d\u00eda de Sant Jordi i per vestir les tradiciones la resta de l\u2019any. Samarreta de m\u00e0niga curta de cot\u00f3 100%.<\/p>","protected":false},"featured_media":14379,"template":"","meta":{"om_disable_all_campaigns":false},"product_cat":[339,372,223,337],"product_tag":[248],"class_list":{"0":"post-14413","1":"product","2":"type-product","3":"status-publish","4":"has-post-thumbnail","6":"product_cat-adult","7":"product_cat-especial-sant-jordi","8":"product_cat-roba","9":"product_cat-samarreta-pe","10":"product_tag-en-estoc","12":"first","13":"onbackorder","14":"shipping-taxable","15":"purchasable","16":"product-type-variable"},"_links":{"self":[{"href":"http:\/\/www.a2punts.com\/es\/wp-json\/wp\/v2\/product\/14413","targetHints":{"allow":["GET"]}}],"collection":[{"href":"http:\/\/www.a2punts.com\/es\/wp-json\/wp\/v2\/product"}],"about":[{"href":"http:\/\/www.a2punts.com\/es\/wp-json\/wp\/v2\/types\/product"}],"version-history":[{"count":3,"href":"http:\/\/www.a2punts.com\/es\/wp-json\/wp\/v2\/product\/14413\/revisions"}],"predecessor-version":[{"id":14490,"href":"http:\/\/www.a2punts.com\/es\/wp-json\/wp\/v2\/product\/14413\/revisions\/14490"}],"wp:featuredmedia":[{"embeddable":true,"href":"http:\/\/www.a2punts.com\/es\/wp-json\/wp\/v2\/media\/14379"}],"wp:attachment":[{"href":"http:\/\/www.a2punts.com\/es\/wp-json\/wp\/v2\/media?parent=14413"}],"wp:term":[{"taxonomy":"product_cat","embeddable":true,"href":"http:\/\/www.a2punts.com\/es\/wp-json\/wp\/v2\/product_cat?post=14413"},{"taxonomy":"product_tag","embeddable":true,"href":"http:\/\/www.a2punts.com\/es\/wp-json\/wp\/v2\/product_tag?post=14413"}],"curies":[{"name":"wp","href":"https:\/\/api.w.org\/{rel}","templated":true}]}}