{"id":13774,"date":"2026-02-25T14:30:14","date_gmt":"2026-02-25T13:30:14","guid":{"rendered":"https:\/\/www.a2punts.com\/?post_type=product&#038;p=13774"},"modified":"2026-02-25T14:38:41","modified_gmt":"2026-02-25T13:38:41","slug":"primeramuda-ratolinets","status":"publish","type":"product","link":"http:\/\/www.a2punts.com\/es\/producto\/primeramuda-ratolinets\/","title":{"rendered":"Primera muda Ratolinets"},"content":{"rendered":"<p>Primera Muda: samarreta creuada i polaina de cot\u00f3 org\u00e0nic Talla 0-1 m<\/p>\n<p>Les Primeres Mudes \u00c42punts tenen la mida perfecte per poderles allargar un o dos mesos.<\/p>\n<p>No poso el peu integrat per poder aprofitar m\u00e9s la pe\u00e7a i aix\u00ed s\u00f3n ideals per portejar.<\/p>\n<p>&nbsp;<\/p>\n<p>&nbsp;<\/p>","protected":false},"excerpt":{"rendered":"<p>Primera Muda: samarreta creuada i polaina de cot\u00f3 org\u00e0nic<\/p>\n<p>Talla 0-1 m<\/p>\n<p>Les Primeres Mudes \u00c42punts tenen la mida perfecte per poderles allargar un o dos mesos.<\/p>\n<p>No poso el peu integrat per poder aprofitar m\u00e9s la pe\u00e7a i aix\u00ed s\u00f3n ideals per portejar.<\/p>\n<p>&nbsp;<\/p>","protected":false},"featured_media":13778,"template":"","meta":{"om_disable_all_campaigns":false},"product_cat":[214,223],"product_tag":[248],"class_list":{"0":"post-13774","1":"product","2":"type-product","3":"status-publish","4":"has-post-thumbnail","6":"product_cat-primeres-mudes","7":"product_cat-roba","8":"product_tag-en-estoc","10":"first","11":"instock","12":"shipping-taxable","13":"purchasable","14":"product-type-variable"},"_links":{"self":[{"href":"http:\/\/www.a2punts.com\/es\/wp-json\/wp\/v2\/product\/13774","targetHints":{"allow":["GET"]}}],"collection":[{"href":"http:\/\/www.a2punts.com\/es\/wp-json\/wp\/v2\/product"}],"about":[{"href":"http:\/\/www.a2punts.com\/es\/wp-json\/wp\/v2\/types\/product"}],"version-history":[{"count":2,"href":"http:\/\/www.a2punts.com\/es\/wp-json\/wp\/v2\/product\/13774\/revisions"}],"predecessor-version":[{"id":13784,"href":"http:\/\/www.a2punts.com\/es\/wp-json\/wp\/v2\/product\/13774\/revisions\/13784"}],"wp:featuredmedia":[{"embeddable":true,"href":"http:\/\/www.a2punts.com\/es\/wp-json\/wp\/v2\/media\/13778"}],"wp:attachment":[{"href":"http:\/\/www.a2punts.com\/es\/wp-json\/wp\/v2\/media?parent=13774"}],"wp:term":[{"taxonomy":"product_cat","embeddable":true,"href":"http:\/\/www.a2punts.com\/es\/wp-json\/wp\/v2\/product_cat?post=13774"},{"taxonomy":"product_tag","embeddable":true,"href":"http:\/\/www.a2punts.com\/es\/wp-json\/wp\/v2\/product_tag?post=13774"}],"curies":[{"name":"wp","href":"https:\/\/api.w.org\/{rel}","templated":true}]}}