{"id":12563,"date":"2025-09-12T17:47:16","date_gmt":"2025-09-12T15:47:16","guid":{"rendered":"https:\/\/www.a2punts.com\/?post_type=product&#038;p=12563"},"modified":"2026-01-12T12:02:10","modified_gmt":"2026-01-12T11:02:10","slug":"pantalo-xandall-koales","status":"publish","type":"product","link":"http:\/\/www.a2punts.com\/es\/producto\/pantalo-xandall-koales\/","title":{"rendered":"Pantal\u00f3 Xandall koales"},"content":{"rendered":"<p>Pantal\u00f3 amb tall c\u00f2mode tipus xandall, \u00a0perfecte per la tardor o l&#8217;hivern. Teixit de jersei APELFAT lleuger<\/p>\n<p>Teixit elastic i c\u00f2mode per acompanyar els moviments dels infants.<\/p>\n<p>APELFAT lleuger Cot\u00f3 org\u00e0nic\u00a0 95% i 5% elastan.<\/p>\n<p>&nbsp;<\/p>\n<p>Les mides de les peces segons la talla (llarg des de l&#8217;entrecuix X llarg des de cintura X m\u00e0xim goma):<\/p>\n<ul>\n<li>t.0-3 m ( 18 x 32 x 18 )<\/li>\n<li>t.3-6 m ( 23 x 37 x 19 )<\/li>\n<li>t.6-12 m ( 26 x 40 x 20 )<\/li>\n<li>t.1-2 a ( 31 x 45 x 22 )<\/li>\n<li>t.2-3 a ( 36 x 54 x 23 )<\/li>\n<li>t.3-4 a ( 42 x 58 x 24 )<\/li>\n<li>t.4-5 a ( 45 x 62 x 25 )<\/li>\n<li>t.5-6 a ( 48 x 67 x 26 )<\/li>\n<\/ul>\n<h6>*al ser un producte artesanal hi pot haver una variaci\u00f3 de 1 cm<\/h6>\n<h6><\/h6>","protected":false},"excerpt":{"rendered":"<p>Pantal\u00f3 amb tall c\u00f2mode tipus xandall, \u00a0perfecte per la tardor o l&#8217;hivern. Teixit de jersei APELFAT lleuger<\/p>\n<p>Teixit elastic i c\u00f2mode per acompanyar els moviments dels infants.<\/p>\n<p>APELFAT lleuger Cot\u00f3 org\u00e0nic\u00a0 95% i 5% elastan.<\/p>\n<p>&nbsp;<\/p>","protected":false},"featured_media":13429,"template":"","meta":{"om_disable_all_campaigns":false},"product_cat":[224,212,232,223],"product_tag":[],"class_list":{"0":"post-12563","1":"product","2":"type-product","3":"status-publish","4":"has-post-thumbnail","6":"product_cat-coleccio-tardor-hivern-24-25","7":"product_cat-pantalons-t-h","8":"product_cat-pantalonsoutlet","9":"product_cat-roba","11":"first","12":"instock","13":"sale","14":"shipping-taxable","15":"purchasable","16":"product-type-variable"},"_links":{"self":[{"href":"http:\/\/www.a2punts.com\/es\/wp-json\/wp\/v2\/product\/12563","targetHints":{"allow":["GET"]}}],"collection":[{"href":"http:\/\/www.a2punts.com\/es\/wp-json\/wp\/v2\/product"}],"about":[{"href":"http:\/\/www.a2punts.com\/es\/wp-json\/wp\/v2\/types\/product"}],"version-history":[{"count":3,"href":"http:\/\/www.a2punts.com\/es\/wp-json\/wp\/v2\/product\/12563\/revisions"}],"predecessor-version":[{"id":13062,"href":"http:\/\/www.a2punts.com\/es\/wp-json\/wp\/v2\/product\/12563\/revisions\/13062"}],"wp:featuredmedia":[{"embeddable":true,"href":"http:\/\/www.a2punts.com\/es\/wp-json\/wp\/v2\/media\/13429"}],"wp:attachment":[{"href":"http:\/\/www.a2punts.com\/es\/wp-json\/wp\/v2\/media?parent=12563"}],"wp:term":[{"taxonomy":"product_cat","embeddable":true,"href":"http:\/\/www.a2punts.com\/es\/wp-json\/wp\/v2\/product_cat?post=12563"},{"taxonomy":"product_tag","embeddable":true,"href":"http:\/\/www.a2punts.com\/es\/wp-json\/wp\/v2\/product_tag?post=12563"}],"curies":[{"name":"wp","href":"https:\/\/api.w.org\/{rel}","templated":true}]}}