{"id":12168,"date":"2025-09-07T13:17:47","date_gmt":"2025-09-07T11:17:47","guid":{"rendered":"https:\/\/www.a2punts.com\/?post_type=product&#038;p=12168"},"modified":"2026-03-23T14:07:15","modified_gmt":"2026-03-23T13:07:15","slug":"samarreta-amicsnegre","status":"publish","type":"product","link":"http:\/\/www.a2punts.com\/es\/producto\/samarreta-amicsnegre\/","title":{"rendered":"Samarreta Amics negre"},"content":{"rendered":"<p>Samarreta de m\u00e0niga curta de cot\u00f3 100%.<\/p>\n<p>DISSENY EXCLUSIU \u00c42PUNTS<\/p>\n<p>Gruix del teixit: 2\/5<\/p>\n<p>Tallatge: Normal<\/p>\n<p>Les mides de les peces segons la talla (ample X llarg):<\/p>\n<p>INFANTIL<\/p>\n<p>1-2 anys ( 30 x 37)<\/p>\n<p>3-4 anys (32 x 44 )<\/p>\n<p>5-6 anys ( 35 x 49 )<\/p>\n<p>7-8 anys\u00a0 \u00a0( 38 x 52 )<\/p>\n<p>9-11 anys\u00a0 \u00a0 ( 41 x 58 )<\/p>\n<p>12-14 anys\u00a0 \u00a0 ( 43x 61 )<\/p>\n<p>&nbsp;<\/p>\n<p>ADULT UNISEX :<\/p>\n<p>S\u00a0 ( 51 x 70 )<\/p>\n<p>M ( 53 x 72 )<\/p>\n<p>L\u00a0 \u00a0( 56 x 74 )<\/p>\n<p>XL\u00a0 ( 58 x 76 )<\/p>\n<p>2XL\u00a0 ( 61 x78 )<\/p>\n<p>consultar disponibilitat color per talles m\u00e9s grans<\/p>\n<h6>*aquest producte \u00e9s de proximitat per\u00f2 no est\u00e0 elaborat al taller A2punts<\/h6>","protected":false},"excerpt":{"rendered":"<p>Samarreta de m\u00e0niga curta de cot\u00f3 100%.<\/p>\n<p>DISSENY EXCLUSIU \u00c42PUNTS<\/p>\n<p>&nbsp;<\/p>","protected":false},"featured_media":12153,"template":"","meta":{"om_disable_all_campaigns":false},"product_cat":[339,217,223,337],"product_tag":[248],"class_list":{"0":"post-12168","1":"product","2":"type-product","3":"status-publish","4":"has-post-thumbnail","6":"product_cat-adult","7":"product_cat-pre-adolescent-i-adult","8":"product_cat-roba","9":"product_cat-samarreta-pe","10":"product_tag-en-estoc","12":"first","13":"onbackorder","14":"shipping-taxable","15":"purchasable","16":"product-type-variable"},"_links":{"self":[{"href":"http:\/\/www.a2punts.com\/es\/wp-json\/wp\/v2\/product\/12168","targetHints":{"allow":["GET"]}}],"collection":[{"href":"http:\/\/www.a2punts.com\/es\/wp-json\/wp\/v2\/product"}],"about":[{"href":"http:\/\/www.a2punts.com\/es\/wp-json\/wp\/v2\/types\/product"}],"version-history":[{"count":3,"href":"http:\/\/www.a2punts.com\/es\/wp-json\/wp\/v2\/product\/12168\/revisions"}],"predecessor-version":[{"id":12862,"href":"http:\/\/www.a2punts.com\/es\/wp-json\/wp\/v2\/product\/12168\/revisions\/12862"}],"wp:featuredmedia":[{"embeddable":true,"href":"http:\/\/www.a2punts.com\/es\/wp-json\/wp\/v2\/media\/12153"}],"wp:attachment":[{"href":"http:\/\/www.a2punts.com\/es\/wp-json\/wp\/v2\/media?parent=12168"}],"wp:term":[{"taxonomy":"product_cat","embeddable":true,"href":"http:\/\/www.a2punts.com\/es\/wp-json\/wp\/v2\/product_cat?post=12168"},{"taxonomy":"product_tag","embeddable":true,"href":"http:\/\/www.a2punts.com\/es\/wp-json\/wp\/v2\/product_tag?post=12168"}],"curies":[{"name":"wp","href":"https:\/\/api.w.org\/{rel}","templated":true}]}}