{"id":11646,"date":"2025-06-17T19:50:12","date_gmt":"2025-06-17T17:50:12","guid":{"rendered":"https:\/\/www.a2punts.com\/?post_type=product&#038;p=11646"},"modified":"2025-09-08T01:49:07","modified_gmt":"2025-09-07T23:49:07","slug":"bossa-numeros","status":"publish","type":"product","link":"http:\/\/www.a2punts.com\/es\/producto\/bossa-numeros\/","title":{"rendered":"Bossa n\u00fameros"},"content":{"rendered":"<p>Bosses de cot\u00f3 100%,\u00a0 folrades amb \u00a0cot\u00f3 o amb pel ( tela impermeable i transpirable). Tenen dues mides i el tancament \u00e9s de cinta de cot\u00f3 regulable.<\/p>\n<ul>\n<li>Muda (30 x 35cm)<\/li>\n<li>Esmorzar (25 x 30cm)<\/li>\n<\/ul>\n<p>&nbsp;<\/p>\n<p>&nbsp;<\/p>\n<h6>*al ser una pe\u00e7a artesana hi pot haver una variaci\u00f3 d&#8217;1 cm<\/h6>\n<h6>*els estampats poden estar distribuits de manera diferent a la fotografia<\/h6>","protected":false},"excerpt":{"rendered":"<p>Bosses de cot\u00f3 100%,\u00a0 folrades amb \u00a0cot\u00f3 o amb pel ( tela impermeable i transpirable), perfectes per la muda, berenar o esmorzar\u2026<\/p>\n<p>&nbsp;<\/p>","protected":false},"featured_media":11640,"template":"","meta":{"om_disable_all_campaigns":false},"product_cat":[325,223,323],"product_tag":[],"class_list":{"0":"post-11646","1":"product","2":"type-product","3":"status-publish","4":"has-post-thumbnail","6":"product_cat-bosses","7":"product_cat-roba","8":"product_cat-tornada-a-lescola","10":"first","11":"instock","12":"shipping-taxable","13":"purchasable","14":"product-type-variable"},"_links":{"self":[{"href":"http:\/\/www.a2punts.com\/es\/wp-json\/wp\/v2\/product\/11646","targetHints":{"allow":["GET"]}}],"collection":[{"href":"http:\/\/www.a2punts.com\/es\/wp-json\/wp\/v2\/product"}],"about":[{"href":"http:\/\/www.a2punts.com\/es\/wp-json\/wp\/v2\/types\/product"}],"version-history":[{"count":3,"href":"http:\/\/www.a2punts.com\/es\/wp-json\/wp\/v2\/product\/11646\/revisions"}],"predecessor-version":[{"id":11678,"href":"http:\/\/www.a2punts.com\/es\/wp-json\/wp\/v2\/product\/11646\/revisions\/11678"}],"wp:featuredmedia":[{"embeddable":true,"href":"http:\/\/www.a2punts.com\/es\/wp-json\/wp\/v2\/media\/11640"}],"wp:attachment":[{"href":"http:\/\/www.a2punts.com\/es\/wp-json\/wp\/v2\/media?parent=11646"}],"wp:term":[{"taxonomy":"product_cat","embeddable":true,"href":"http:\/\/www.a2punts.com\/es\/wp-json\/wp\/v2\/product_cat?post=11646"},{"taxonomy":"product_tag","embeddable":true,"href":"http:\/\/www.a2punts.com\/es\/wp-json\/wp\/v2\/product_tag?post=11646"}],"curies":[{"name":"wp","href":"https:\/\/api.w.org\/{rel}","templated":true}]}}