{"id":7168,"date":"2024-03-20T17:28:58","date_gmt":"2024-03-20T16:28:58","guid":{"rendered":"https:\/\/www.a2punts.com\/?post_type=product&#038;p=7168"},"modified":"2025-09-05T18:55:41","modified_gmt":"2025-09-05T16:55:41","slug":"canastreta-gossets-boina","status":"publish","type":"product","link":"http:\/\/www.a2punts.com\/ca\/producto\/canastreta-gossets-boina\/","title":{"rendered":"Canastreta gossets boina"},"content":{"rendered":"<p>Conjunt de nad\u00f3 compost per:<\/p>\n<p>Primera Muda , Cot\u00f3 org\u00e0nic Talla 0-1 m ( 52-56 cm)<\/p>\n<p>Amanyac, Cot\u00f3 org\u00e0nic i tovallola de bamb\u00fa<\/p>\n<p>Pitet\/bandana, Cot\u00f3 org\u00e0nic i tovallola de bamb\u00fa<\/p>\n<p>Bosseta multiusos, Cot\u00f3 org\u00e0nic<\/p>\n<p>Les Primeres Mudes \u00c42punts tenen la mida perfecte per poderles allargar un o dos mesos. No poso el peu integrat per poder aprofitar m\u00e9s la pe\u00e7a i aix\u00ed s\u00f3n ideals per portejar.<\/p>\n<p>L&#8217;amanyac l&#8217;aprofitaras molt de temps com a manteta pel bressol.<\/p>\n<p>&nbsp;<\/p>\n","protected":false},"excerpt":{"rendered":"<p>Conjunt ideal per portar a l&#8217;hospital<\/p>\n<p>Primera Muda, Amanyac de bamb\u00fa,\u00a0\u00a0Pitet\/bandana i Bosseta multiusos<\/p>\n<p>Cot\u00f3 org\u00e0nic<\/p>\n<p>Talla 0-1 m ( 52-56 cm)<\/p>\n","protected":false},"featured_media":7136,"template":"","meta":{"om_disable_all_campaigns":false},"product_cat":[214,223],"product_tag":[248],"class_list":{"0":"post-7168","1":"product","2":"type-product","3":"status-publish","4":"has-post-thumbnail","6":"product_cat-primeres-mudes","7":"product_cat-roba","8":"product_tag-en-estoc","10":"first","11":"instock","12":"shipping-taxable","13":"purchasable","14":"product-type-variable"},"_links":{"self":[{"href":"http:\/\/www.a2punts.com\/ca\/wp-json\/wp\/v2\/product\/7168","targetHints":{"allow":["GET"]}}],"collection":[{"href":"http:\/\/www.a2punts.com\/ca\/wp-json\/wp\/v2\/product"}],"about":[{"href":"http:\/\/www.a2punts.com\/ca\/wp-json\/wp\/v2\/types\/product"}],"version-history":[{"count":2,"href":"http:\/\/www.a2punts.com\/ca\/wp-json\/wp\/v2\/product\/7168\/revisions"}],"predecessor-version":[{"id":8724,"href":"http:\/\/www.a2punts.com\/ca\/wp-json\/wp\/v2\/product\/7168\/revisions\/8724"}],"wp:featuredmedia":[{"embeddable":true,"href":"http:\/\/www.a2punts.com\/ca\/wp-json\/wp\/v2\/media\/7136"}],"wp:attachment":[{"href":"http:\/\/www.a2punts.com\/ca\/wp-json\/wp\/v2\/media?parent=7168"}],"wp:term":[{"taxonomy":"product_cat","embeddable":true,"href":"http:\/\/www.a2punts.com\/ca\/wp-json\/wp\/v2\/product_cat?post=7168"},{"taxonomy":"product_tag","embeddable":true,"href":"http:\/\/www.a2punts.com\/ca\/wp-json\/wp\/v2\/product_tag?post=7168"}],"curies":[{"name":"wp","href":"https:\/\/api.w.org\/{rel}","templated":true}]}}