{"id":14126,"date":"2026-03-22T23:05:59","date_gmt":"2026-03-22T22:05:59","guid":{"rendered":"https:\/\/www.a2punts.com\/?post_type=product&#038;p=14126"},"modified":"2026-03-22T23:14:35","modified_gmt":"2026-03-22T22:14:35","slug":"vestit-sense-manigues-gambes-palamos","status":"publish","type":"product","link":"http:\/\/www.a2punts.com\/ca\/producto\/vestit-sense-manigues-gambes-palamos\/","title":{"rendered":"Vestit sense m\u00e0nigues gambes de Palam\u00f3s"},"content":{"rendered":"<p>PRE-VENDA ENTREGA MAIG<br \/>\nVestit sense m\u00e0nigues amb un patr\u00f3 ample per poder anar c\u00f2mode i allargar al vida \u00fatil de la pe\u00e7a.<\/p>\n<p>Cot\u00f3 org\u00e0nic\u00a0 95% i 5% elastan.<\/p>\n<p>Dissenyat i confeccionat 100% a Catalunya<\/p>\n<p>Les mides de les peces segons la talla (ample X llarg m\u00e0xim):<\/p>\n<ul>\n<li>t.6-12 m ( 26 x 44 )<\/li>\n<li>t.1-2 a ( 27 x 49 )<\/li>\n<li>t.2-3 a ( 30 x 51 )<\/li>\n<li>t.3-4 ( 32 x 52 )<\/li>\n<li>t.4-5 ( 33 x 56 )<\/li>\n<li>t.5-6 ( 34 x 59 )<\/li>\n<li>t.6-8 a ( 36 x 64)<\/li>\n<li>t.8-10a ( 38 x\u00a0 68 )<\/li>\n<\/ul>\n<p>&nbsp;<\/p>\n<h6>*al ser un producte artesanal hi pot haver una variaci\u00f3 de 1 cm<\/h6>\n<h6><\/h6>\n","protected":false},"excerpt":{"rendered":"<p>PRE-VENDA ENTREGA MAIG<br \/>\nVestit sense m\u00e0nigues amb un patr\u00f3 ample per poder anar c\u00f2mode i allargar al vida \u00fatil de la pe\u00e7a. Aquest estiu \u00e9s un vestit i l\u2019any vinent una samarreta.<\/p>\n<p>Cot\u00f3 org\u00e0nic\u00a0 95% i 5% elastan.<\/p>\n<p>Dissenyat i confeccionat 100% a Catalunya<\/p>\n","protected":false},"featured_media":13840,"template":"","meta":{"om_disable_all_campaigns":false},"product_cat":[333,336,223],"product_tag":[],"class_list":{"0":"post-14126","1":"product","2":"type-product","3":"status-publish","4":"has-post-thumbnail","6":"product_cat-col-leccio-primavera-estiu","7":"product_cat-petos-i-vestits-pe","8":"product_cat-roba","10":"first","11":"onbackorder","12":"shipping-taxable","13":"purchasable","14":"product-type-variable"},"_links":{"self":[{"href":"http:\/\/www.a2punts.com\/ca\/wp-json\/wp\/v2\/product\/14126","targetHints":{"allow":["GET"]}}],"collection":[{"href":"http:\/\/www.a2punts.com\/ca\/wp-json\/wp\/v2\/product"}],"about":[{"href":"http:\/\/www.a2punts.com\/ca\/wp-json\/wp\/v2\/types\/product"}],"version-history":[{"count":1,"href":"http:\/\/www.a2punts.com\/ca\/wp-json\/wp\/v2\/product\/14126\/revisions"}],"predecessor-version":[{"id":14135,"href":"http:\/\/www.a2punts.com\/ca\/wp-json\/wp\/v2\/product\/14126\/revisions\/14135"}],"wp:featuredmedia":[{"embeddable":true,"href":"http:\/\/www.a2punts.com\/ca\/wp-json\/wp\/v2\/media\/13840"}],"wp:attachment":[{"href":"http:\/\/www.a2punts.com\/ca\/wp-json\/wp\/v2\/media?parent=14126"}],"wp:term":[{"taxonomy":"product_cat","embeddable":true,"href":"http:\/\/www.a2punts.com\/ca\/wp-json\/wp\/v2\/product_cat?post=14126"},{"taxonomy":"product_tag","embeddable":true,"href":"http:\/\/www.a2punts.com\/ca\/wp-json\/wp\/v2\/product_tag?post=14126"}],"curies":[{"name":"wp","href":"https:\/\/api.w.org\/{rel}","templated":true}]}}