{"id":14062,"date":"2026-03-22T22:13:23","date_gmt":"2026-03-22T21:13:23","guid":{"rendered":"https:\/\/www.a2punts.com\/?post_type=product&#038;p=14062"},"modified":"2026-04-08T12:01:55","modified_gmt":"2026-04-08T10:01:55","slug":"pantalo-curt-sardanes","status":"publish","type":"product","link":"http:\/\/www.a2punts.com\/ca\/producto\/pantalo-curt-sardanes\/","title":{"rendered":"Pantal\u00f3 Curt sardanes"},"content":{"rendered":"<p>PRE-VENDA ENTREGA MAIG<br \/>\nPantal\u00f3 curt amb la goma de la cintura c\u00f2mode per poder allargar la vida de la pe\u00e7a.<\/p>\n<p>Punt de Cot\u00f3 org\u00e0nic\u00a0 95% i 5% elastan.<\/p>\n<p>Dissenyat i confeccionat 100% a Catalunya<\/p>\n<p>Tallatge: GENER\u00d3S<\/p>\n<p>Les mides de les peces segons la talla (llarg des de cintura X camal des de l&#8217;entrecuix X m\u00e0xim goma):<\/p>\n<ul>\n<li>t.6-12 m ( 20.5 x 6 x 20 )<\/li>\n<li>t.1-2 a ( 22 x 7 x 22 )<\/li>\n<li>t.2-3 a ( 24 x 7.5 x 23 )<\/li>\n<li>t.3-4 a ( 25 x 8 x 24 )<\/li>\n<li>t.4-5 a ( 26 x 9 x 25 )<\/li>\n<li>t.5-6 a ( 27 x 10 x 26 )<\/li>\n<\/ul>\n<h6>*al ser un producte artesanal hi pot haver una variaci\u00f3 de 1 cm<\/h6>\n","protected":false},"excerpt":{"rendered":"<p>PRE-VENDA ENTREGA MAIG<\/p>\n<p>Pantal\u00f3 curt amb la goma de la cintura, c\u00f2mode per poder allargar la vida de la pe\u00e7a.<\/p>\n<p>Punt de Cot\u00f3 org\u00e0nic\u00a0 95% i 5% elastan.<\/p>\n<p>Dissenyat i confeccionat 100% a Catalunya<\/p>\n","protected":false},"featured_media":13834,"template":"","meta":{"om_disable_all_campaigns":false},"product_cat":[333,335,223],"product_tag":[248],"class_list":{"0":"post-14062","1":"product","2":"type-product","3":"status-publish","4":"has-post-thumbnail","6":"product_cat-col-leccio-primavera-estiu","7":"product_cat-pantalons-pe","8":"product_cat-roba","9":"product_tag-en-estoc","11":"first","12":"onbackorder","13":"shipping-taxable","14":"purchasable","15":"product-type-variable"},"_links":{"self":[{"href":"http:\/\/www.a2punts.com\/ca\/wp-json\/wp\/v2\/product\/14062","targetHints":{"allow":["GET"]}}],"collection":[{"href":"http:\/\/www.a2punts.com\/ca\/wp-json\/wp\/v2\/product"}],"about":[{"href":"http:\/\/www.a2punts.com\/ca\/wp-json\/wp\/v2\/types\/product"}],"version-history":[{"count":3,"href":"http:\/\/www.a2punts.com\/ca\/wp-json\/wp\/v2\/product\/14062\/revisions"}],"predecessor-version":[{"id":14428,"href":"http:\/\/www.a2punts.com\/ca\/wp-json\/wp\/v2\/product\/14062\/revisions\/14428"}],"wp:featuredmedia":[{"embeddable":true,"href":"http:\/\/www.a2punts.com\/ca\/wp-json\/wp\/v2\/media\/13834"}],"wp:attachment":[{"href":"http:\/\/www.a2punts.com\/ca\/wp-json\/wp\/v2\/media?parent=14062"}],"wp:term":[{"taxonomy":"product_cat","embeddable":true,"href":"http:\/\/www.a2punts.com\/ca\/wp-json\/wp\/v2\/product_cat?post=14062"},{"taxonomy":"product_tag","embeddable":true,"href":"http:\/\/www.a2punts.com\/ca\/wp-json\/wp\/v2\/product_tag?post=14062"}],"curies":[{"name":"wp","href":"https:\/\/api.w.org\/{rel}","templated":true}]}}