{"id":13878,"date":"2026-03-22T21:27:02","date_gmt":"2026-03-22T20:27:02","guid":{"rendered":"https:\/\/www.a2punts.com\/?post_type=product&#038;p=13878"},"modified":"2026-04-16T10:29:30","modified_gmt":"2026-04-16T08:29:30","slug":"samarreta-festa-major","status":"publish","type":"product","link":"http:\/\/www.a2punts.com\/ca\/producto\/samarreta-festa-major\/","title":{"rendered":"Samarreta Festa Major"},"content":{"rendered":"<p>PRE-VENDA ENTREGA MAIG<br \/>\nSamarreta de m\u00e0niga curta amb un patr\u00f3 ample per poder anar c\u00f2mode i allargar al vida \u00fatil de la pe\u00e7a.<\/p>\n<p>DISSENY EXCLUSIU \u00c42PUNTS<\/p>\n<p>Punt de Cot\u00f3 org\u00e0nic\u00a0 95% i 5% elastan.<\/p>\n<p>Gruix del teixit: 2\/5<\/p>\n<p>Tallatge: GENER\u00d3S<\/p>\n<p>Dissenyat i confeccionat 100% a Catalunya<\/p>\n<p>Les mides de les peces segons la talla (llarg X ample):<\/p>\n<ul>\n<li>t.1-3 m ( 26.5 x 24.5 )<\/li>\n<li>t.3-6 m ( 29 x 26 )<\/li>\n<li>t.6-12 m (33 x 27.5 )<\/li>\n<li>t.1-2 a ( 36.5 x 31 )<\/li>\n<\/ul>\n<p>&nbsp;<\/p>\n<ul>\n<li>t.2-3 a ( 40 x 32 )<\/li>\n<li>t.3-4 a ( 41 x 33 )<\/li>\n<li>t.4-5 a ( 43 x 35 )<\/li>\n<li>t.5-6 a ( 45 x 36 )<\/li>\n<\/ul>\n<p>&nbsp;<\/p>\n<ul>\n<li>6-8 anys\u00a0 \u00a0( 51 x 40 )<\/li>\n<li>8-10 anys\u00a0 \u00a0 ( 53 x 43 )<\/li>\n<li>10-12 anys\u00a0 \u00a0 ( 56 x 45 )<\/li>\n<li>12-14 anys\u00a0 \u00a0 ( 59 x 47 )<\/li>\n<\/ul>\n<p>Fins la talla 6-12 m porta un bot\u00f3 lateral per poder passar el cap m\u00e9s f\u00e0cilment.<\/p>\n<h6>*al ser un producte artesanal hi pot haver una variaci\u00f3 de 1 cm<\/h6>\n","protected":false},"excerpt":{"rendered":"<p>PRE-VENDA ENTREGA MAIG<br \/>\nSamarreta de m\u00e0niga curta amb un patr\u00f3 ample per poder anar c\u00f2mode i allargar al vida \u00fatil de la pe\u00e7a.<\/p>\n<p>DISSENY EXCLUSIU \u00c42PUNTS<\/p>\n<p>Punt de Cot\u00f3 org\u00e0nic\u00a0 95% i 5% elastan.<\/p>\n<p>Tallatge: GENER\u00d3S<\/p>\n<p>Dissenyat i confeccionat 100% a Catalunya<\/p>\n","protected":false},"featured_media":13816,"template":"","meta":{"om_disable_all_campaigns":false},"product_cat":[339,333,223,337],"product_tag":[248],"class_list":{"0":"post-13878","1":"product","2":"type-product","3":"status-publish","4":"has-post-thumbnail","6":"product_cat-adult","7":"product_cat-col-leccio-primavera-estiu","8":"product_cat-roba","9":"product_cat-samarreta-pe","10":"product_tag-en-estoc","12":"first","13":"instock","14":"shipping-taxable","15":"purchasable","16":"product-type-variable"},"_links":{"self":[{"href":"http:\/\/www.a2punts.com\/ca\/wp-json\/wp\/v2\/product\/13878","targetHints":{"allow":["GET"]}}],"collection":[{"href":"http:\/\/www.a2punts.com\/ca\/wp-json\/wp\/v2\/product"}],"about":[{"href":"http:\/\/www.a2punts.com\/ca\/wp-json\/wp\/v2\/types\/product"}],"version-history":[{"count":1,"href":"http:\/\/www.a2punts.com\/ca\/wp-json\/wp\/v2\/product\/13878\/revisions"}],"predecessor-version":[{"id":13899,"href":"http:\/\/www.a2punts.com\/ca\/wp-json\/wp\/v2\/product\/13878\/revisions\/13899"}],"wp:featuredmedia":[{"embeddable":true,"href":"http:\/\/www.a2punts.com\/ca\/wp-json\/wp\/v2\/media\/13816"}],"wp:attachment":[{"href":"http:\/\/www.a2punts.com\/ca\/wp-json\/wp\/v2\/media?parent=13878"}],"wp:term":[{"taxonomy":"product_cat","embeddable":true,"href":"http:\/\/www.a2punts.com\/ca\/wp-json\/wp\/v2\/product_cat?post=13878"},{"taxonomy":"product_tag","embeddable":true,"href":"http:\/\/www.a2punts.com\/ca\/wp-json\/wp\/v2\/product_tag?post=13878"}],"curies":[{"name":"wp","href":"https:\/\/api.w.org\/{rel}","templated":true}]}}