{"id":12674,"date":"2025-09-24T10:41:53","date_gmt":"2025-09-24T08:41:53","guid":{"rendered":"https:\/\/www.a2punts.com\/?post_type=product&#038;p=12674"},"modified":"2026-03-23T14:31:28","modified_gmt":"2026-03-23T13:31:28","slug":"dessuadora-tardor","status":"publish","type":"product","link":"http:\/\/www.a2punts.com\/ca\/producto\/dessuadora-tardor\/","title":{"rendered":"Dessuadora Tardor"},"content":{"rendered":"<p>Dessuadora apelfada\u00a0 de cot\u00f3 60% 40% poliester reciclat<\/p>\n<p>DISSENY EXCLUSIU \u00c42PUNTS<\/p>\n<p>&nbsp;<\/p>\n<p>Les mides de les peces segons la talla (ample X llarg):<\/p>\n<p>INFANTIL<\/p>\n<p>1-2 anys ( 33 x 40)<\/p>\n<p>3-4 anys (36 x 43 )<\/p>\n<p>5-6 anys ( 39 x 46 )<\/p>\n<p>7-8 anys\u00a0 \u00a0( 42 x 53 )<\/p>\n<p>9-11 anys\u00a0 \u00a0 ( 46 x 58 )<\/p>\n<p>12-14 anys\u00a0 \u00a0 ( 50 x 61 )<\/p>\n<p>&nbsp;<\/p>\n<p>ADULT UNISEX :<\/p>\n<p>S\u00a0 \u00a0( 54 x 66 )<\/p>\n<p>M\u00a0 ( 57 x 69 )<\/p>\n<p>L\u00a0 \u00a0 ( 60 x 72 )<\/p>\n<p>XL\u00a0 \u00a0( 63 x 76 )<\/p>\n<p>2XL\u00a0 \u00a0( 66 x78 )<\/p>\n<p>consultar disponibilitat color per talles m\u00e9s grans<\/p>\n<h6>*aquest producte \u00e9s de proximitat per\u00f2 no est\u00e0 elaborat al taller A2punts<\/h6>\n","protected":false},"excerpt":{"rendered":"<p>Dessuadora apelfada\u00a0 de cot\u00f3 60% 40% poliester reciclat<\/p>\n<p>DISSENY EXCLUSIU \u00c42PUNTS<\/p>\n<p>&nbsp;<\/p>\n","protected":false},"featured_media":12669,"template":"","meta":{"om_disable_all_campaigns":false},"product_cat":[217,213,223],"product_tag":[248],"class_list":{"0":"post-12674","1":"product","2":"type-product","3":"status-publish","4":"has-post-thumbnail","6":"product_cat-pre-adolescent-i-adult","7":"product_cat-jersei-t-h","8":"product_cat-roba","9":"product_tag-en-estoc","11":"first","12":"instock","13":"shipping-taxable","14":"purchasable","15":"product-type-variable"},"_links":{"self":[{"href":"http:\/\/www.a2punts.com\/ca\/wp-json\/wp\/v2\/product\/12674","targetHints":{"allow":["GET"]}}],"collection":[{"href":"http:\/\/www.a2punts.com\/ca\/wp-json\/wp\/v2\/product"}],"about":[{"href":"http:\/\/www.a2punts.com\/ca\/wp-json\/wp\/v2\/types\/product"}],"version-history":[{"count":4,"href":"http:\/\/www.a2punts.com\/ca\/wp-json\/wp\/v2\/product\/12674\/revisions"}],"predecessor-version":[{"id":14234,"href":"http:\/\/www.a2punts.com\/ca\/wp-json\/wp\/v2\/product\/12674\/revisions\/14234"}],"wp:featuredmedia":[{"embeddable":true,"href":"http:\/\/www.a2punts.com\/ca\/wp-json\/wp\/v2\/media\/12669"}],"wp:attachment":[{"href":"http:\/\/www.a2punts.com\/ca\/wp-json\/wp\/v2\/media?parent=12674"}],"wp:term":[{"taxonomy":"product_cat","embeddable":true,"href":"http:\/\/www.a2punts.com\/ca\/wp-json\/wp\/v2\/product_cat?post=12674"},{"taxonomy":"product_tag","embeddable":true,"href":"http:\/\/www.a2punts.com\/ca\/wp-json\/wp\/v2\/product_tag?post=12674"}],"curies":[{"name":"wp","href":"https:\/\/api.w.org\/{rel}","templated":true}]}}