{"id":12460,"date":"2025-09-12T17:31:45","date_gmt":"2025-09-12T15:31:45","guid":{"rendered":"https:\/\/www.a2punts.com\/?post_type=product&#038;p=12460"},"modified":"2026-02-05T18:45:42","modified_gmt":"2026-02-05T17:45:42","slug":"malles-safari","status":"publish","type":"product","link":"http:\/\/www.a2punts.com\/ca\/producto\/malles-safari\/","title":{"rendered":"Malles safari"},"content":{"rendered":"<p>Malles el\u00e0stiques c\u00f2modes i vers\u00e0tils. Teixit apelfat<\/p>\n<p>APELFAT lleuger Cot\u00f3 org\u00e0nic\u00a0 95% i 5% elastan.<\/p>\n<p>&nbsp;<\/p>\n<p>Les mides de les peces segons la talla (llarg des de l&#8217;entrecuix X llarg des de cintura X m\u00e0xim goma):<\/p>\n<ul>\n<li>t.0-3 m ( 16 x 31 x 17 )<\/li>\n<li>t.3-6 m ( 18 x 35 x 21 )<\/li>\n<li>t.6-12 m ( 22 x 39 x 22 )<\/li>\n<li>t.1-2 a ( 25 x 44 x 24 )<\/li>\n<li>t.2-3 a ( 31 x 50 x 25 )<\/li>\n<li>t.3-4 a ( 34 x 53 x 26 )<\/li>\n<li>t.4-5 a ( 36 x 56 x 27 )<\/li>\n<li>t.5-6 a ( 40 x 62 x 28 )<\/li>\n<\/ul>\n<h6>*al ser un producte artesanal hi pot haver una variaci\u00f3 de 1 cm<\/h6>\n<h6><\/h6>\n","protected":false},"excerpt":{"rendered":"<p>Malles el\u00e0stiques c\u00f2modes i vers\u00e0tils. Teixit apelfat<\/p>\n<p>APELFAT lleuger Cot\u00f3 org\u00e0nic\u00a0 95% i 5% elastan.<\/p>\n<p>&nbsp;<\/p>\n","protected":false},"featured_media":12671,"template":"","meta":{"om_disable_all_campaigns":false},"product_cat":[224,212,232,223],"product_tag":[248],"class_list":{"0":"post-12460","1":"product","2":"type-product","3":"status-publish","4":"has-post-thumbnail","6":"product_cat-coleccio-tardor-hivern-24-25","7":"product_cat-pantalons-t-h","8":"product_cat-pantalonsoutlet","9":"product_cat-roba","10":"product_tag-en-estoc","12":"first","13":"instock","14":"sale","15":"shipping-taxable","16":"purchasable","17":"product-type-variable"},"_links":{"self":[{"href":"http:\/\/www.a2punts.com\/ca\/wp-json\/wp\/v2\/product\/12460","targetHints":{"allow":["GET"]}}],"collection":[{"href":"http:\/\/www.a2punts.com\/ca\/wp-json\/wp\/v2\/product"}],"about":[{"href":"http:\/\/www.a2punts.com\/ca\/wp-json\/wp\/v2\/types\/product"}],"version-history":[{"count":4,"href":"http:\/\/www.a2punts.com\/ca\/wp-json\/wp\/v2\/product\/12460\/revisions"}],"predecessor-version":[{"id":12472,"href":"http:\/\/www.a2punts.com\/ca\/wp-json\/wp\/v2\/product\/12460\/revisions\/12472"}],"wp:featuredmedia":[{"embeddable":true,"href":"http:\/\/www.a2punts.com\/ca\/wp-json\/wp\/v2\/media\/12671"}],"wp:attachment":[{"href":"http:\/\/www.a2punts.com\/ca\/wp-json\/wp\/v2\/media?parent=12460"}],"wp:term":[{"taxonomy":"product_cat","embeddable":true,"href":"http:\/\/www.a2punts.com\/ca\/wp-json\/wp\/v2\/product_cat?post=12460"},{"taxonomy":"product_tag","embeddable":true,"href":"http:\/\/www.a2punts.com\/ca\/wp-json\/wp\/v2\/product_tag?post=12460"}],"curies":[{"name":"wp","href":"https:\/\/api.w.org\/{rel}","templated":true}]}}