{"id":11832,"date":"2025-06-25T15:33:20","date_gmt":"2025-06-25T13:33:20","guid":{"rendered":"https:\/\/www.a2punts.com\/?post_type=product&#038;p=11832"},"modified":"2025-09-07T17:11:14","modified_gmt":"2025-09-07T15:11:14","slug":"tovallo-numeros","status":"publish","type":"product","link":"http:\/\/www.a2punts.com\/ca\/producto\/tovallo-numeros\/","title":{"rendered":"Tovall\u00f3 n\u00fameros"},"content":{"rendered":"<p>Tovall\u00f3 de cot\u00f3 amb beta.<\/p>\n<ul>\n<li>25 x 40cm<\/li>\n<\/ul>\n","protected":false},"excerpt":{"rendered":"<p>Tovall\u00f3 de cot\u00f3 amb beta.<\/p>\n<ul>\n<li>25 x 40cm<\/li>\n<\/ul>\n","protected":false},"featured_media":11638,"template":"","meta":{"om_disable_all_campaigns":false},"product_cat":[326,223,323],"product_tag":[],"class_list":{"0":"post-11832","1":"product","2":"type-product","3":"status-publish","4":"has-post-thumbnail","6":"product_cat-pitets-i-tovallons","7":"product_cat-roba","8":"product_cat-tornada-a-lescola","10":"first","11":"outofstock","12":"shipping-taxable","13":"purchasable","14":"product-type-variable"},"_links":{"self":[{"href":"http:\/\/www.a2punts.com\/ca\/wp-json\/wp\/v2\/product\/11832","targetHints":{"allow":["GET"]}}],"collection":[{"href":"http:\/\/www.a2punts.com\/ca\/wp-json\/wp\/v2\/product"}],"about":[{"href":"http:\/\/www.a2punts.com\/ca\/wp-json\/wp\/v2\/types\/product"}],"version-history":[{"count":2,"href":"http:\/\/www.a2punts.com\/ca\/wp-json\/wp\/v2\/product\/11832\/revisions"}],"predecessor-version":[{"id":11848,"href":"http:\/\/www.a2punts.com\/ca\/wp-json\/wp\/v2\/product\/11832\/revisions\/11848"}],"wp:featuredmedia":[{"embeddable":true,"href":"http:\/\/www.a2punts.com\/ca\/wp-json\/wp\/v2\/media\/11638"}],"wp:attachment":[{"href":"http:\/\/www.a2punts.com\/ca\/wp-json\/wp\/v2\/media?parent=11832"}],"wp:term":[{"taxonomy":"product_cat","embeddable":true,"href":"http:\/\/www.a2punts.com\/ca\/wp-json\/wp\/v2\/product_cat?post=11832"},{"taxonomy":"product_tag","embeddable":true,"href":"http:\/\/www.a2punts.com\/ca\/wp-json\/wp\/v2\/product_tag?post=11832"}],"curies":[{"name":"wp","href":"https:\/\/api.w.org\/{rel}","templated":true}]}}