{"id":11704,"date":"2025-06-17T20:21:17","date_gmt":"2025-06-17T18:21:17","guid":{"rendered":"https:\/\/www.a2punts.com\/?post_type=product&#038;p=11704"},"modified":"2025-09-09T22:16:32","modified_gmt":"2025-09-09T20:16:32","slug":"bata-goma-numeros","status":"publish","type":"product","link":"http:\/\/www.a2punts.com\/ca\/producto\/bata-goma-numeros\/","title":{"rendered":"Bata goma n\u00fameros"},"content":{"rendered":"<p>Bata de cot\u00f3 amb gomes als canyell i al coll. Port\u00e0 beta per poder penjar.<\/p>\n<p>Cot\u00f3 \u00a0100%<\/p>\n<p>Gruix del teixit: 1\/5<\/p>\n<p>Tallatge: Ample<\/p>\n<p>Les mides de les peces segons la talla (ample X llarg m\u00e0xim):<\/p>\n<ul>\n<li>t. S \u00a0 1-2 anys (40&#215;48)<\/li>\n<li>t.M \u00a02-4 anys ( 42&#215;54 )<\/li>\n<li>t.L \u00a03-5 anys ( 44&#215;58\u00a0 )<\/li>\n<li>t. XL 4-6 anys( 46&#215;62 )<\/li>\n<\/ul>\n<h6>*al ser un producte artesanal hi pot haver una variaci\u00f3 de 1 cm<\/h6>\n<h6><\/h6>\n","protected":false},"excerpt":{"rendered":"<p>Bata de cot\u00f3 amb gomes als canyell i al coll. Port\u00e0 beta per poder penjar.<\/p>\n<p>Per l\u2019escola, menjador, pintura\u2026<\/p>\n<p>Cot\u00f3 \u00a0100%<\/p>\n<p>&nbsp;<\/p>\n","protected":false},"featured_media":11644,"template":"","meta":{"om_disable_all_campaigns":false},"product_cat":[324,223,323],"product_tag":[],"class_list":{"0":"post-11704","1":"product","2":"type-product","3":"status-publish","4":"has-post-thumbnail","6":"product_cat-bates","7":"product_cat-roba","8":"product_cat-tornada-a-lescola","10":"first","11":"instock","12":"shipping-taxable","13":"purchasable","14":"product-type-variable"},"_links":{"self":[{"href":"http:\/\/www.a2punts.com\/ca\/wp-json\/wp\/v2\/product\/11704","targetHints":{"allow":["GET"]}}],"collection":[{"href":"http:\/\/www.a2punts.com\/ca\/wp-json\/wp\/v2\/product"}],"about":[{"href":"http:\/\/www.a2punts.com\/ca\/wp-json\/wp\/v2\/types\/product"}],"version-history":[{"count":3,"href":"http:\/\/www.a2punts.com\/ca\/wp-json\/wp\/v2\/product\/11704\/revisions"}],"predecessor-version":[{"id":11871,"href":"http:\/\/www.a2punts.com\/ca\/wp-json\/wp\/v2\/product\/11704\/revisions\/11871"}],"wp:featuredmedia":[{"embeddable":true,"href":"http:\/\/www.a2punts.com\/ca\/wp-json\/wp\/v2\/media\/11644"}],"wp:attachment":[{"href":"http:\/\/www.a2punts.com\/ca\/wp-json\/wp\/v2\/media?parent=11704"}],"wp:term":[{"taxonomy":"product_cat","embeddable":true,"href":"http:\/\/www.a2punts.com\/ca\/wp-json\/wp\/v2\/product_cat?post=11704"},{"taxonomy":"product_tag","embeddable":true,"href":"http:\/\/www.a2punts.com\/ca\/wp-json\/wp\/v2\/product_tag?post=11704"}],"curies":[{"name":"wp","href":"https:\/\/api.w.org\/{rel}","templated":true}]}}